{"id":15,"date":"2016-03-05T15:22:56","date_gmt":"2016-03-05T14:22:56","guid":{"rendered":"https:\/\/autourdenous87.fr\/?page_id=15"},"modified":"2025-12-22T11:57:52","modified_gmt":"2025-12-22T10:57:52","slug":"historique","status":"publish","type":"page","link":"https:\/\/autourdenous87.fr\/index.php\/historique\/","title":{"rendered":"Historique"},"content":{"rendered":"<p>Cr\u00e9\u00e9e en 2001 par Bernard MATOURNAUD ancien Maire de Chaillac sur Vienne, l\u2019association A.D.N (Autour De Nous), r\u00e9gie par la loi de 1901, a pour but principal la protection de la nature, de l\u2019environnement et du cadre de vie.<\/p>\n<p>Elle \u0153uvre dans plusieurs domaines :<\/p>\n<ul>\n<li>L\u2019environnement dans le milieu scolaire avec des actions \u00e9ducatives en partenariat avec le centre \u201cNature et Environnement\u201d de la Loutre, l\u2019op\u00e9ration annuelle \u00ab Nettoyons La Nature \u00bb avec le concours des \u201cEts Leclerc\u201d et une semaine consacr\u00e9e \u00e0 l\u2019approche du jardinage dans les locaux de l\u2019enseigne \u201cGamm Vert\u201d.<\/li>\n<li>La r\u00e9habilitation et l\u2019entretien des chemins ruraux de la communaut\u00e9 de communes \u201cPorte Oc\u00e9ane du Limousin\u201d, partout o\u00f9 le mat\u00e9riel communal ne peut intervenir. Le balisage prend \u00e9galement une part importante dans les activit\u00e9s de l\u2019association et \u00e0 ce titre elle intervient sur les chemins communaux, sur les boucles P.R. (Promenade et de Randonn\u00e9e) de la communaut\u00e9 de communes Porte Oc\u00e9ane du Limousin, sur le G.R.P.(Grande Randonn\u00e9e de Pays) des Monts de Blond et le G.R. 654 (Grande Randonn\u00e9e, sentier vers Saint-Jacques de Compostelle) qui passe vers Oradour sur Vayres et Cussac. Elle joue aussi un r\u00f4le d\u2019expert pour la F.F.R. (F\u00e9d\u00e9ration Fran\u00e7aise de Randonn\u00e9e) ainsi que pour le Conseil G\u00e9n\u00e9ral au niveau du P.D.I.P.R. (Plan D\u00e9partemental des Itin\u00e9raires de Promenade et de Randonn\u00e9e) en expertisant des circuits propos\u00e9s \u00e0 l\u2019inscription par les communes et les communaut\u00e9s de communes du territoire.<\/li>\n<li>L\u2019organisation et l\u2019encadrement de randonn\u00e9es p\u00e9destres, ouvertes \u00e0 tous, conviviales et respectueuses de l\u2019environnement.<\/li>\n<li>L&rsquo;initiation \u00e0 la marche nordique et l&rsquo;organisation de sorties trois fois par semaine.<\/li>\n<\/ul>\n<p>Autour de Nous<br \/>\nCommunaut\u00e9 de Communes Porte Oc\u00e9ane du Limousin<br \/>\n1, avenue Voltaire<br \/>\n87200 SAINT-JUNIEN<br \/>\n<a href=\"mailto:adn.pol87@gmail.com\">adn.pol87@gmail.com<\/a><\/p>\n","protected":false},"excerpt":{"rendered":"<p>Cr\u00e9\u00e9e en 2001 par Bernard MATOURNAUD ancien Maire de Chaillac sur Vienne, l\u2019association A.D.N (Autour De Nous), r\u00e9gie par la loi de 1901, a pour but principal la protection de la nature, de l\u2019environnement et du cadre de vie. Elle \u0153uvre dans plusieurs domaines : L\u2019environnement dans le milieu scolaire avec des actions \u00e9ducatives en &hellip; <a href=\"https:\/\/autourdenous87.fr\/index.php\/historique\/\" class=\"more-link\">Continuer la lecture<span class=\"screen-reader-text\"> de &laquo;&nbsp;Historique&nbsp;&raquo;<\/span><\/a><\/p>\n","protected":false},"author":12,"featured_media":0,"parent":0,"menu_order":0,"comment_status":"closed","ping_status":"closed","template":"","meta":{"footnotes":""},"class_list":["post-15","page","type-page","status-publish","hentry"],"_links":{"self":[{"href":"https:\/\/autourdenous87.fr\/index.php\/wp-json\/wp\/v2\/pages\/15","targetHints":{"allow":["GET"]}}],"collection":[{"href":"https:\/\/autourdenous87.fr\/index.php\/wp-json\/wp\/v2\/pages"}],"about":[{"href":"https:\/\/autourdenous87.fr\/index.php\/wp-json\/wp\/v2\/types\/page"}],"author":[{"embeddable":true,"href":"https:\/\/autourdenous87.fr\/index.php\/wp-json\/wp\/v2\/users\/12"}],"replies":[{"embeddable":true,"href":"https:\/\/autourdenous87.fr\/index.php\/wp-json\/wp\/v2\/comments?post=15"}],"version-history":[{"count":2,"href":"https:\/\/autourdenous87.fr\/index.php\/wp-json\/wp\/v2\/pages\/15\/revisions"}],"predecessor-version":[{"id":45400,"href":"https:\/\/autourdenous87.fr\/index.php\/wp-json\/wp\/v2\/pages\/15\/revisions\/45400"}],"wp:attachment":[{"href":"https:\/\/autourdenous87.fr\/index.php\/wp-json\/wp\/v2\/media?parent=15"}],"curies":[{"name":"wp","href":"https:\/\/api.w.org\/{rel}","templated":true}]}}