{"id":17,"date":"2016-03-05T15:27:57","date_gmt":"2016-03-05T14:27:57","guid":{"rendered":"https:\/\/autourdenous87.fr\/?page_id=17"},"modified":"2025-12-22T11:44:19","modified_gmt":"2025-12-22T10:44:19","slug":"bureau","status":"publish","type":"page","link":"https:\/\/autourdenous87.fr\/index.php\/bureau\/","title":{"rendered":"Bureau"},"content":{"rendered":"<p>&nbsp;<\/p>\n<table id=\"tabBureau\">\n<tbody>\n<tr>\n<td colspan=\"4\"><img loading=\"lazy\" decoding=\"async\" class=\"aligncenter size-full wp-image-10835\" src=\"https:\/\/autourdenous87.fr\/wp-content\/uploads\/2016\/12\/2-Lebraud-Jacques-001-Copier.jpg\" alt=\"\" width=\"109\" height=\"150\" \/><\/td>\n<td colspan=\"4\"><img loading=\"lazy\" decoding=\"async\" class=\"wp-image-15386 aligncenter\" src=\"https:\/\/autourdenous87.fr\/wp-content\/uploads\/2018\/10\/Rocher-Daniel-2-239x300.jpg\" alt=\"\" width=\"110\" height=\"138\" srcset=\"https:\/\/autourdenous87.fr\/wp-content\/uploads\/2018\/10\/Rocher-Daniel-2-239x300.jpg 239w, https:\/\/autourdenous87.fr\/wp-content\/uploads\/2018\/10\/Rocher-Daniel-2-768x962.jpg 768w, https:\/\/autourdenous87.fr\/wp-content\/uploads\/2018\/10\/Rocher-Daniel-2-1200x1503.jpg 1200w, https:\/\/autourdenous87.fr\/wp-content\/uploads\/2018\/10\/Rocher-Daniel-2.jpg 1512w\" sizes=\"auto, (max-width: 110px) 85vw, 110px\" \/><\/td>\n<td colspan=\"4\"><img loading=\"lazy\" decoding=\"async\" class=\"aligncenter size-full wp-image-10833\" src=\"https:\/\/autourdenous87.fr\/wp-content\/uploads\/2016\/12\/4-Christiane-Perrouin-001-Copier.jpg\" alt=\"\" width=\"100\" height=\"150\" \/><\/td>\n<\/tr>\n<tr>\n<td style=\"text-align: center;\" colspan=\"4\">Jacky LEBRAUD<br \/>\n<strong>Vice Pr\u00e9sident<\/strong><\/td>\n<td style=\"text-align: center;\" colspan=\"4\">Daniel ROCHER<br \/>\n<strong> Pr\u00e9sident<\/strong><\/td>\n<td style=\"text-align: center;\" colspan=\"4\">Christiane \u00a0PERROUIN<br \/>\n<strong>Vice Pr\u00e9sidente<\/strong><\/td>\n<\/tr>\n<tr>\n<td colspan=\"3\" width=\"25%\"><\/td>\n<td colspan=\"3\" width=\"25%\"><img loading=\"lazy\" decoding=\"async\" class=\"wp-image-40502 aligncenter\" style=\"text-align: center;\" src=\"https:\/\/autourdenous87.fr\/wp-content\/uploads\/2022\/11\/Duthiers-Nicole-001-243x300.jpg\" alt=\"\" width=\"115\" height=\"142\" srcset=\"https:\/\/autourdenous87.fr\/wp-content\/uploads\/2022\/11\/Duthiers-Nicole-001-243x300.jpg 243w, https:\/\/autourdenous87.fr\/wp-content\/uploads\/2022\/11\/Duthiers-Nicole-001.jpg 296w\" sizes=\"auto, (max-width: 115px) 85vw, 115px\" \/><\/td>\n<td colspan=\"3\" width=\"25%\"><img loading=\"lazy\" decoding=\"async\" class=\"wp-image-44143 aligncenter\" src=\"https:\/\/autourdenous87.fr\/wp-content\/uploads\/2024\/10\/Brethenoux-M-Ch-217x300.jpg\" alt=\"\" width=\"124\" height=\"171\" srcset=\"https:\/\/autourdenous87.fr\/wp-content\/uploads\/2024\/10\/Brethenoux-M-Ch-217x300.jpg 217w, https:\/\/autourdenous87.fr\/wp-content\/uploads\/2024\/10\/Brethenoux-M-Ch-768x1063.jpg 768w, https:\/\/autourdenous87.fr\/wp-content\/uploads\/2024\/10\/Brethenoux-M-Ch-1110x1536.jpg 1110w, https:\/\/autourdenous87.fr\/wp-content\/uploads\/2024\/10\/Brethenoux-M-Ch-1480x2048.jpg 1480w, https:\/\/autourdenous87.fr\/wp-content\/uploads\/2024\/10\/Brethenoux-M-Ch-1200x1660.jpg 1200w, https:\/\/autourdenous87.fr\/wp-content\/uploads\/2024\/10\/Brethenoux-M-Ch-scaled.jpg 1850w\" sizes=\"auto, (max-width: 124px) 85vw, 124px\" \/><\/td>\n<td colspan=\"3\" width=\"25%\"><\/td>\n<\/tr>\n<tr>\n<td style=\"text-align: center;\" colspan=\"3\" width=\"25%\"><\/td>\n<td style=\"text-align: center;\" colspan=\"3\" width=\"25%\">Nicole DUTHIERS<br \/>\n<strong>Secr\u00e9taire<\/strong><\/td>\n<td style=\"text-align: center;\" colspan=\"3\" width=\"25%\">Marie Christine BRETHENOUX<br \/>\n<strong>Tr\u00e9sori\u00e8re<\/strong><\/td>\n<td style=\"text-align: center;\" colspan=\"3\" width=\"25%\"><\/td>\n<\/tr>\n<tr>\n<td colspan=\"3\" width=\"25%\"><\/td>\n<td colspan=\"3\" width=\"25%\"><\/td>\n<td colspan=\"3\" width=\"25%\"><\/td>\n<td colspan=\"3\" width=\"25%\"><\/td>\n<\/tr>\n<tr>\n<td style=\"text-align: center;\" colspan=\"12\" width=\"100%\"><strong>Membres<\/strong><\/td>\n<\/tr>\n<tr>\n<td style=\"text-align: center;\" colspan=\"3\" width=\"25%\"><\/td>\n<td style=\"text-align: center;\" colspan=\"3\" width=\"25%\"><\/td>\n<td style=\"text-align: center;\" colspan=\"3\" width=\"25%\"><\/td>\n<td style=\"text-align: center;\" colspan=\"3\" width=\"25%\"><\/td>\n<\/tr>\n<tr>\n<td colspan=\"3\" width=\"25%\"><img loading=\"lazy\" decoding=\"async\" class=\"aligncenter wp-image-15385\" src=\"https:\/\/autourdenous87.fr\/wp-content\/uploads\/2018\/10\/Lagarde-Daniel-2-240x300.jpg\" alt=\"\" width=\"110\" height=\"137\" srcset=\"https:\/\/autourdenous87.fr\/wp-content\/uploads\/2018\/10\/Lagarde-Daniel-2-240x300.jpg 240w, https:\/\/autourdenous87.fr\/wp-content\/uploads\/2018\/10\/Lagarde-Daniel-2-768x959.jpg 768w, https:\/\/autourdenous87.fr\/wp-content\/uploads\/2018\/10\/Lagarde-Daniel-2-1200x1498.jpg 1200w, https:\/\/autourdenous87.fr\/wp-content\/uploads\/2018\/10\/Lagarde-Daniel-2.jpg 1624w\" sizes=\"auto, (max-width: 110px) 85vw, 110px\" \/><\/td>\n<td colspan=\"3\" width=\"25%\"><img loading=\"lazy\" decoding=\"async\" class=\"size-full wp-image-37816 aligncenter\" src=\"https:\/\/autourdenous87.fr\/wp-content\/uploads\/2019\/10\/Jean-Marc-Dartois.jpg\" alt=\"\" width=\"100\" height=\"150\" \/><\/td>\n<td colspan=\"3\" width=\"25%\"><img loading=\"lazy\" decoding=\"async\" class=\" wp-image-44058 aligncenter\" src=\"https:\/\/autourdenous87.fr\/wp-content\/uploads\/2024\/10\/Jean-Adam-223x300.jpg\" alt=\"\" width=\"111\" height=\"150\" srcset=\"https:\/\/autourdenous87.fr\/wp-content\/uploads\/2024\/10\/Jean-Adam-223x300.jpg 223w, https:\/\/autourdenous87.fr\/wp-content\/uploads\/2024\/10\/Jean-Adam.jpg 342w\" sizes=\"auto, (max-width: 111px) 85vw, 111px\" \/><\/td>\n<td style=\"text-align: center;\" colspan=\"3\" width=\"25%\"><img loading=\"lazy\" decoding=\"async\" class=\"size-medium wp-image-25 alignnone aligncenter\" style=\"text-align: start;\" src=\"https:\/\/autourdenous87.fr\/wp-content\/uploads\/2016\/03\/jlavauz.jpg\" alt=\"jlavauz\" width=\"109\" height=\"151\" \/><\/td>\n<\/tr>\n<tr>\n<td style=\"text-align: center;\" colspan=\"3\" width=\"25%\">Daniel LAGARDE<\/td>\n<td style=\"text-align: center;\" colspan=\"3\" width=\"25%\">Jean Marc DARTOIS<\/td>\n<td style=\"text-align: center;\" colspan=\"3\" width=\"25%\">Jean ADAM<\/td>\n<td style=\"text-align: center;\" colspan=\"3\" width=\"25%\">\u00a0Jacqueline LAVAUZELLE<\/td>\n<\/tr>\n<tr>\n<td colspan=\"3\" width=\"25%\"><img loading=\"lazy\" decoding=\"async\" class=\"wp-image-45376 aligncenter\" src=\"https:\/\/autourdenous87.fr\/wp-content\/uploads\/2025\/12\/Bouny-Daniel-2-214x300.jpg\" alt=\"\" width=\"104\" height=\"145\" srcset=\"https:\/\/autourdenous87.fr\/wp-content\/uploads\/2025\/12\/Bouny-Daniel-2-214x300.jpg 214w, https:\/\/autourdenous87.fr\/wp-content\/uploads\/2025\/12\/Bouny-Daniel-2.jpg 217w\" sizes=\"auto, (max-width: 104px) 85vw, 104px\" \/><\/td>\n<td colspan=\"3\" width=\"25%\"><img loading=\"lazy\" decoding=\"async\" class=\"size-full wp-image-45381 aligncenter\" src=\"https:\/\/autourdenous87.fr\/wp-content\/uploads\/2025\/12\/Chaizemartin-Annick.jpg\" alt=\"\" width=\"114\" height=\"148\" \/><\/td>\n<td style=\"text-align: center;\" colspan=\"3\" width=\"25%\"><img loading=\"lazy\" decoding=\"async\" class=\"wp-image-45396 aligncenter\" src=\"https:\/\/autourdenous87.fr\/wp-content\/uploads\/2025\/12\/Saque-Christian-2-265x300.jpg\" alt=\"\" width=\"129\" height=\"146\" srcset=\"https:\/\/autourdenous87.fr\/wp-content\/uploads\/2025\/12\/Saque-Christian-2-265x300.jpg 265w, https:\/\/autourdenous87.fr\/wp-content\/uploads\/2025\/12\/Saque-Christian-2.jpg 754w\" sizes=\"auto, (max-width: 129px) 85vw, 129px\" \/><\/td>\n<td colspan=\"3\" width=\"25%\"><img loading=\"lazy\" decoding=\"async\" class=\"wp-image-44061 aligncenter\" src=\"https:\/\/autourdenous87.fr\/wp-content\/uploads\/2024\/10\/Pailler-Bernard-239x300.jpg\" alt=\"\" width=\"114\" height=\"144\" srcset=\"https:\/\/autourdenous87.fr\/wp-content\/uploads\/2024\/10\/Pailler-Bernard-239x300.jpg 239w, https:\/\/autourdenous87.fr\/wp-content\/uploads\/2024\/10\/Pailler-Bernard-768x963.jpg 768w, https:\/\/autourdenous87.fr\/wp-content\/uploads\/2024\/10\/Pailler-Bernard-1225x1536.jpg 1225w, https:\/\/autourdenous87.fr\/wp-content\/uploads\/2024\/10\/Pailler-Bernard-1200x1504.jpg 1200w, https:\/\/autourdenous87.fr\/wp-content\/uploads\/2024\/10\/Pailler-Bernard.jpg 1519w\" sizes=\"auto, (max-width: 114px) 85vw, 114px\" \/><\/td>\n<\/tr>\n<tr>\n<td style=\"text-align: center;\" colspan=\"3\" width=\"25%\">Daniel BOUNY<\/td>\n<td style=\"text-align: center;\" colspan=\"3\" width=\"25%\">Annick CHAIZEMARTIN<\/td>\n<td style=\"text-align: center;\" colspan=\"3\" width=\"25%\">Christian SAQUE<\/td>\n<td style=\"text-align: center;\" colspan=\"3\" width=\"25%\">Bernard PAILLER<\/td>\n<\/tr>\n<tr>\n<td colspan=\"3\" width=\"25%\"><\/td>\n<td colspan=\"3\" width=\"25%\"><img loading=\"lazy\" decoding=\"async\" class=\"size-medium wp-image-39359 aligncenter\" src=\"https:\/\/autourdenous87.fr\/wp-content\/uploads\/2021\/12\/Bellot-Georges-4-216x300.jpg\" alt=\"\" width=\"108\" height=\"150\" srcset=\"https:\/\/autourdenous87.fr\/wp-content\/uploads\/2021\/12\/Bellot-Georges-4-216x300.jpg 216w, https:\/\/autourdenous87.fr\/wp-content\/uploads\/2021\/12\/Bellot-Georges-4.jpg 650w\" sizes=\"auto, (max-width: 108px) 85vw, 108px\" \/><\/td>\n<td colspan=\"3\" width=\"25%\"><img loading=\"lazy\" decoding=\"async\" class=\"wp-image-39364 size-full aligncenter\" src=\"https:\/\/autourdenous87.fr\/wp-content\/uploads\/2021\/12\/Biselot-Brigitte-1.jpg\" alt=\"\" width=\"125\" height=\"150\" \/><\/td>\n<td colspan=\"3\" width=\"25%\"><\/td>\n<\/tr>\n<tr>\n<td style=\"text-align: center;\" colspan=\"3\" width=\"25%\"><\/td>\n<td style=\"text-align: center;\" colspan=\"3\" width=\"25%\">Georges BELLOT<\/td>\n<td style=\"text-align: center;\" colspan=\"3\" width=\"25%\">Brigitte BISELLO<\/td>\n<td style=\"text-align: center;\" colspan=\"3\" width=\"25%\"><\/td>\n<\/tr>\n<\/tbody>\n<\/table>\n<p>\u200b<\/p>\n<p>&nbsp;<\/p>\n","protected":false},"excerpt":{"rendered":"<p>&nbsp; Jacky LEBRAUD Vice Pr\u00e9sident Daniel ROCHER Pr\u00e9sident Christiane \u00a0PERROUIN Vice Pr\u00e9sidente Nicole DUTHIERS Secr\u00e9taire Marie Christine BRETHENOUX Tr\u00e9sori\u00e8re Membres Daniel LAGARDE Jean Marc DARTOIS Jean ADAM \u00a0Jacqueline LAVAUZELLE Daniel BOUNY Annick CHAIZEMARTIN Christian SAQUE Bernard PAILLER Georges BELLOT Brigitte BISELLO \u200b &nbsp;<\/p>\n","protected":false},"author":12,"featured_media":0,"parent":0,"menu_order":0,"comment_status":"closed","ping_status":"closed","template":"","meta":{"footnotes":""},"class_list":["post-17","page","type-page","status-publish","hentry"],"_links":{"self":[{"href":"https:\/\/autourdenous87.fr\/index.php\/wp-json\/wp\/v2\/pages\/17","targetHints":{"allow":["GET"]}}],"collection":[{"href":"https:\/\/autourdenous87.fr\/index.php\/wp-json\/wp\/v2\/pages"}],"about":[{"href":"https:\/\/autourdenous87.fr\/index.php\/wp-json\/wp\/v2\/types\/page"}],"author":[{"embeddable":true,"href":"https:\/\/autourdenous87.fr\/index.php\/wp-json\/wp\/v2\/users\/12"}],"replies":[{"embeddable":true,"href":"https:\/\/autourdenous87.fr\/index.php\/wp-json\/wp\/v2\/comments?post=17"}],"version-history":[{"count":21,"href":"https:\/\/autourdenous87.fr\/index.php\/wp-json\/wp\/v2\/pages\/17\/revisions"}],"predecessor-version":[{"id":45397,"href":"https:\/\/autourdenous87.fr\/index.php\/wp-json\/wp\/v2\/pages\/17\/revisions\/45397"}],"wp:attachment":[{"href":"https:\/\/autourdenous87.fr\/index.php\/wp-json\/wp\/v2\/media?parent=17"}],"curies":[{"name":"wp","href":"https:\/\/api.w.org\/{rel}","templated":true}]}}