{"id":9472,"date":"2016-09-11T09:07:50","date_gmt":"2016-09-11T07:07:50","guid":{"rendered":"https:\/\/autourdenous87.fr\/?page_id=9472"},"modified":"2026-04-14T10:39:46","modified_gmt":"2026-04-14T08:39:46","slug":"formulaires","status":"publish","type":"page","link":"https:\/\/autourdenous87.fr\/index.php\/formulaires\/","title":{"rendered":"Documents"},"content":{"rendered":"<p><a href=\"https:\/\/autourdenous87.fr\/wp-content\/uploads\/2026\/04\/Gantrando-recto.pdf\">Gant&rsquo;rando recto<\/a><\/p>\n<p><a href=\"https:\/\/autourdenous87.fr\/wp-content\/uploads\/2026\/04\/Gantrando-verso.pdf\">Gant&rsquo;rando verso<\/a><\/p>\n<p><a href=\"https:\/\/autourdenous87.fr\/wp-content\/uploads\/2025\/12\/Depliant-exterieur-1er-semestre-2026.pdf\">D\u00e9pliant ext\u00e9rieur 1er semestre 2026<\/a><\/p>\n<p><a href=\"https:\/\/autourdenous87.fr\/wp-content\/uploads\/2025\/12\/Depliant-interieur-1er-semestre-2026-1.pdf\">D\u00e9pliant int\u00e9rieur 1er semestre 2026<\/a><\/p>\n<p><a href=\"https:\/\/autourdenous87.fr\/wp-content\/uploads\/2025\/12\/Calendrier-Marche-Nordique-1er-semestre-2026.pdf\">Calendrier Marche avec b\u00e2tons 1er semestre 2026<\/a><\/p>\n<p><a href=\"https:\/\/autourdenous87.fr\/wp-content\/uploads\/2025\/12\/Calendrier-Marche-avec-batons-1er-semestre-2026.pdf\">Calendrier Marche nordiques 1er semestre 2026<\/a><\/p>\n<p><a href=\"https:\/\/autourdenous87.fr\/wp-content\/uploads\/2026\/04\/Projet-des-animations-2026-1.pdf\">Projet des animations 2026<\/a><\/p>\n<p><a href=\"https:\/\/autourdenous87.fr\/wp-content\/uploads\/2025\/09\/Fiche-adhesion-2025-2026.pdf\">Fiche adh\u00e9sion 2025 2026<\/a><\/p>\n<p><a href=\"https:\/\/autourdenous87.fr\/wp-content\/uploads\/2025\/09\/Certificat-medical-2025-2026.pdf\">Certificat m\u00e9dical 2025 2026<\/a><\/p>\n<p><a href=\"https:\/\/autourdenous87.fr\/wp-content\/uploads\/2023\/10\/Nouvelle-reglementation.pdf\">Nouvelle r\u00e9glementation<\/a><\/p>\n<p><a href=\"https:\/\/autourdenous87.fr\/wp-content\/uploads\/2023\/10\/Questionnaire-de-sante-2023-2024.pdf\">Questionnaire de sant\u00e9<\/a><\/p>\n<p>&nbsp;<\/p>\n<p>&nbsp;<\/p>\n<p>&nbsp;<\/p>\n<p>&nbsp;<\/p>\n<p>&nbsp;<\/p>\n<p>&nbsp;<\/p>\n<p>&nbsp;<\/p>\n<p>&nbsp;<\/p>\n<p>&nbsp;<\/p>\n<p>&nbsp;<\/p>\n<p>&nbsp;<\/p>\n<p>&nbsp;<\/p>\n<p>&nbsp;<\/p>\n<p>&nbsp;<\/p>\n<p>&nbsp;<\/p>\n<p>&nbsp;<\/p>\n<p>&nbsp;<\/p>\n<p>&nbsp;<\/p>\n<p>&nbsp;<\/p>\n<p>&nbsp;<\/p>\n<p>&nbsp;<\/p>\n<p>&nbsp;<\/p>\n<p>&nbsp;<\/p>\n<p>&nbsp;<\/p>\n<p>&nbsp;<\/p>\n<p>&nbsp;<\/p>\n<p>&nbsp;<\/p>\n<p>&nbsp;<\/p>\n<p>&nbsp;<\/p>\n<p>&nbsp;<\/p>\n<p>&nbsp;<\/p>\n","protected":false},"excerpt":{"rendered":"<p>Gant&rsquo;rando recto Gant&rsquo;rando verso D\u00e9pliant ext\u00e9rieur 1er semestre 2026 D\u00e9pliant int\u00e9rieur 1er semestre 2026 Calendrier Marche avec b\u00e2tons 1er semestre 2026 Calendrier Marche nordiques 1er semestre 2026 Projet des animations 2026 Fiche adh\u00e9sion 2025 2026 Certificat m\u00e9dical 2025 2026 Nouvelle r\u00e9glementation Questionnaire de sant\u00e9 &nbsp; &nbsp; &nbsp; &nbsp; &nbsp; &nbsp; &nbsp; &nbsp; &nbsp; &nbsp; &nbsp; &hellip; <a href=\"https:\/\/autourdenous87.fr\/index.php\/formulaires\/\" class=\"more-link\">Continuer la lecture<span class=\"screen-reader-text\"> de &laquo;&nbsp;Documents&nbsp;&raquo;<\/span><\/a><\/p>\n","protected":false},"author":12,"featured_media":0,"parent":0,"menu_order":0,"comment_status":"closed","ping_status":"closed","template":"","meta":{"footnotes":""},"class_list":["post-9472","page","type-page","status-publish","hentry"],"_links":{"self":[{"href":"https:\/\/autourdenous87.fr\/index.php\/wp-json\/wp\/v2\/pages\/9472","targetHints":{"allow":["GET"]}}],"collection":[{"href":"https:\/\/autourdenous87.fr\/index.php\/wp-json\/wp\/v2\/pages"}],"about":[{"href":"https:\/\/autourdenous87.fr\/index.php\/wp-json\/wp\/v2\/types\/page"}],"author":[{"embeddable":true,"href":"https:\/\/autourdenous87.fr\/index.php\/wp-json\/wp\/v2\/users\/12"}],"replies":[{"embeddable":true,"href":"https:\/\/autourdenous87.fr\/index.php\/wp-json\/wp\/v2\/comments?post=9472"}],"version-history":[{"count":82,"href":"https:\/\/autourdenous87.fr\/index.php\/wp-json\/wp\/v2\/pages\/9472\/revisions"}],"predecessor-version":[{"id":45543,"href":"https:\/\/autourdenous87.fr\/index.php\/wp-json\/wp\/v2\/pages\/9472\/revisions\/45543"}],"wp:attachment":[{"href":"https:\/\/autourdenous87.fr\/index.php\/wp-json\/wp\/v2\/media?parent=9472"}],"curies":[{"name":"wp","href":"https:\/\/api.w.org\/{rel}","templated":true}]}}